{"id":14,"date":"2013-03-08T11:51:14","date_gmt":"2013-03-08T09:51:14","guid":{"rendered":"http:\/\/ael.utcluj.ro\/beta\/?page_id=14"},"modified":"2026-03-10T14:21:43","modified_gmt":"2026-03-10T12:21:43","slug":"bine-ati-venit","status":"publish","type":"page","link":"https:\/\/ael.utcluj.ro\/","title":{"rendered":"Bine a\u021bi venit pe pagina <br><b>Departamentului de Electronic\u0103 Aplicat\u0103<\/b>!"},"content":{"rendered":"<p><!--:ro--><\/p>\n<p style=\"text-align: justify;\">\u00cenfiin\u021bat \u00een 1991, <strong>Departamentul de Electronic\u0103 Aplicat\u0103<\/strong>, reprezint\u0103 o structur\u0103 academic\u0103 \u00een care membrii s\u0103i sunt partizanii ideii c\u0103 ingineria se bazeaz\u0103 pe o bun\u0103 fundamentare teoretic\u0103 care trebuie canalizat\u0103 spre implement\u0103ri concrete, practice. Disciplinele oferite de mebrii departamentului sunt predate at\u00e2t \u00een limba roman\u0103 c\u00e2t \u0219i \u00een limba englez\u0103.<\/p>\n<p style=\"text-align: justify;\">Colectivul departamentului sus\u021bine studen\u021bii \u0219i \u00een activit\u0103\u021bi profesionale extracuriculare cum ar fi cercurile \u0219tiintifice studen\u021be\u0219ti \u0219i concursurile profesionale: Tehnici de interconectare \u00een electronic\u0103 (TIE), Digilent Design Contest sau\u00a0 Hard and Soft. Laboratoarele departamentului au fost dotate \u00een ultimii ani cu mobilier nou \u0219i instrumenta\u021bie electronic\u0103 modern\u0103. Membrii departamentului sunt angrena\u021bi \u0219i in proiecte na\u021bionale\/interna\u021bionale de cercetare si academice, precum \u0219i \u00een colaborari cu parteneri din industrie: Siemens, Continental Automotive, NI, Elster-ABB, Bosch, Hidroelectrica, etc. Departamentul are legaturi profesionale cu universitati din Europa \u0219i Statele Unite. Studentii pot beneficia de burse \u0219i stagii de pregatire care le asigur\u0103 o formare conform\u0103 cu exigentele unei profesii moderne de inginer \u00een electronic\u0103 \u0219i telecomunica\u021bii.<\/p>\n<p><!--:--><!--:en--><\/p>\n<p><!--:--><\/p>\n","protected":false},"excerpt":{"rendered":"<p>\u00cenfiin\u021bat \u00een 1991, Departamentul de Electronic\u0103 Aplicat\u0103, reprezint\u0103 o structur\u0103 academic\u0103 \u00een care membrii s\u0103i sunt partizanii ideii c\u0103 ingineria se bazeaz\u0103 pe o bun\u0103 fundamentare teoretic\u0103 care trebuie canalizat\u0103 spre implement\u0103ri concrete, practice. Disciplinele oferite de mebrii departamentului sunt predate at\u00e2t \u00een limba roman\u0103 c\u00e2t \u0219i \u00een limba englez\u0103. Colectivul departamentului sus\u021bine studen\u021bii \u0219i [&hellip;]<\/p>\n","protected":false},"author":2,"featured_media":0,"parent":0,"menu_order":0,"comment_status":"closed","ping_status":"open","template":"","meta":{"footnotes":""},"class_list":["post-14","page","type-page","status-publish","hentry"],"_links":{"self":[{"href":"https:\/\/ael.utcluj.ro\/index.php?rest_route=\/wp\/v2\/pages\/14","targetHints":{"allow":["GET"]}}],"collection":[{"href":"https:\/\/ael.utcluj.ro\/index.php?rest_route=\/wp\/v2\/pages"}],"about":[{"href":"https:\/\/ael.utcluj.ro\/index.php?rest_route=\/wp\/v2\/types\/page"}],"author":[{"embeddable":true,"href":"https:\/\/ael.utcluj.ro\/index.php?rest_route=\/wp\/v2\/users\/2"}],"replies":[{"embeddable":true,"href":"https:\/\/ael.utcluj.ro\/index.php?rest_route=%2Fwp%2Fv2%2Fcomments&post=14"}],"version-history":[{"count":28,"href":"https:\/\/ael.utcluj.ro\/index.php?rest_route=\/wp\/v2\/pages\/14\/revisions"}],"predecessor-version":[{"id":1854,"href":"https:\/\/ael.utcluj.ro\/index.php?rest_route=\/wp\/v2\/pages\/14\/revisions\/1854"}],"wp:attachment":[{"href":"https:\/\/ael.utcluj.ro\/index.php?rest_route=%2Fwp%2Fv2%2Fmedia&parent=14"}],"curies":[{"name":"wp","href":"https:\/\/api.w.org\/{rel}","templated":true}]}}