{"id":170,"date":"2013-07-17T09:47:02","date_gmt":"2013-07-17T07:47:02","guid":{"rendered":"http:\/\/ael.utcluj.ro\/beta\/?page_id=170"},"modified":"2026-03-13T09:11:20","modified_gmt":"2026-03-13T07:11:20","slug":"centru-de-cercetare-si-dezvoltare-pentru-tehnologia-informatiei-in-electronica","status":"publish","type":"page","link":"https:\/\/ael.utcluj.ro\/?page_id=170","title":{"rendered":"ITEC"},"content":{"rendered":"<p><!--:ro--><\/p>\n<h2>Centru de Cercetare si Dezvoltare pentru Tehnologia Informa\u021biei in Electronic\u0103<\/h2>\n<p><img loading=\"lazy\" decoding=\"async\" src=\"http:\/\/ael.utcluj.ro\/beta\/wp-content\/uploads\/ITEC_logo.png\" alt=\"ITEC logo\" width=\"276\" height=\"274\" \/><\/p>\n<p>Pentru mai multe informa\u021bii legate de Centrul de Cercetare si Dezvoltare pentru Tehnologia Informa\u021biei in Electronic\u0103 v\u0103 rug\u0103m sa consulta\u021bi fi\u0219a centrului sau accesati <a href=\"http:\/\/itec.utcluj.ro\">itec.utcluj.ro<\/a><\/p>\n<p><a title=\"Fi\u0219\u0103 ITEC\" href=\"http:\/\/ael.utcluj.ro\/beta\/wp-content\/Documents\/Research\/fisa_tip_structuri_cercetare_ITEC_2012.pdf\" target=\"_blank\" rel=\"noopener noreferrer\">Fi\u0219\u0103 ITEC<\/a><!--:--><\/p>\n","protected":false},"excerpt":{"rendered":"<p>Centru de Cercetare si Dezvoltare pentru Tehnologia Informa\u021biei in Electronic\u0103 Pentru mai multe informa\u021bii legate de Centrul de Cercetare si Dezvoltare pentru Tehnologia Informa\u021biei in Electronic\u0103 v\u0103 rug\u0103m sa consulta\u021bi fi\u0219a centrului sau accesati itec.utcluj.ro Fi\u0219\u0103 ITEC<\/p>\n","protected":false},"author":2,"featured_media":0,"parent":0,"menu_order":0,"comment_status":"closed","ping_status":"open","template":"","meta":{"footnotes":""},"class_list":["post-170","page","type-page","status-publish","hentry"],"_links":{"self":[{"href":"https:\/\/ael.utcluj.ro\/index.php?rest_route=\/wp\/v2\/pages\/170","targetHints":{"allow":["GET"]}}],"collection":[{"href":"https:\/\/ael.utcluj.ro\/index.php?rest_route=\/wp\/v2\/pages"}],"about":[{"href":"https:\/\/ael.utcluj.ro\/index.php?rest_route=\/wp\/v2\/types\/page"}],"author":[{"embeddable":true,"href":"https:\/\/ael.utcluj.ro\/index.php?rest_route=\/wp\/v2\/users\/2"}],"replies":[{"embeddable":true,"href":"https:\/\/ael.utcluj.ro\/index.php?rest_route=%2Fwp%2Fv2%2Fcomments&post=170"}],"version-history":[{"count":15,"href":"https:\/\/ael.utcluj.ro\/index.php?rest_route=\/wp\/v2\/pages\/170\/revisions"}],"predecessor-version":[{"id":1883,"href":"https:\/\/ael.utcluj.ro\/index.php?rest_route=\/wp\/v2\/pages\/170\/revisions\/1883"}],"wp:attachment":[{"href":"https:\/\/ael.utcluj.ro\/index.php?rest_route=%2Fwp%2Fv2%2Fmedia&parent=170"}],"curies":[{"name":"wp","href":"https:\/\/api.w.org\/{rel}","templated":true}]}}