{"id":1865,"date":"2026-03-10T14:41:00","date_gmt":"2026-03-10T12:41:00","guid":{"rendered":"https:\/\/ael.utcluj.ro\/?page_id=1865"},"modified":"2026-03-10T14:44:14","modified_gmt":"2026-03-10T12:44:14","slug":"1865-2","status":"publish","type":"page","link":"https:\/\/ael.utcluj.ro\/?page_id=1865&lang=en","title":{"rendered":"Contact"},"content":{"rendered":"\n<p><strong>Mailing address<\/strong><br>\nDepartamentul de Electronic\u0103 Aplicat\u0103<br>\nUniversitatea Tehnic\u0103 din Cluj-Napoca<br>\nstr. George Bari\u021biu, nr. 26 &#8211; 28\n<br>400027, Cluj-Napoca\n<br>Rom\u00e2nia<\/p>\n<hr class=\"hr-light\">\n<p><strong>Head of Department<\/strong><br>\nprof. eng. Dorin PETREU\u0218, PhD<br>\n<i class=\"fa fa-envelope\" aria-hidden=\"true\"><\/i><a title=\"Send e-mail to Dorin Petreu\u0219\" href=\"mailto:dorin.petreus@ael.utcluj.ro\" target=\"_blank\" rel=\"noopener noreferrer\">dorin.petreus@ael.utcluj.ro<\/a><br>\n<i class=\"fa fa-phone\" aria-hidden=\"true\"><\/i>0264.401.499<\/p>\n<hr class=\"hr-light\">\n<p><strong>Secretariat<\/strong><br>Simona F\u00c2NT\u00c2N\u0102<br><i class=\"fa fa-envelope\" aria-hidden=\"true\"><\/i> <a title=\"Send e-mail to Simona F\u00e2nt\u00e2n\u0103\" href=\"mailto:simona.fantana@ael.utcluj.ro\" target=\"_blank\" rel=\"noopener noreferrer\">simona.fantana@ael.utcluj.ro<\/a><br><i class=\"fa fa-phone\" aria-hidden=\"true\"><\/i>0264.401.225<br><i class=\"fa fa-fax\" aria-hidden=\"true\"><\/i>0264.594.806<\/p><hr class=\"hr-light\">\n<p><strong>Webmaster<\/strong><br>lect. eng. Rajmond J\u00c1N\u00d3, PhD<br><i class=\"fa fa-envelope\" aria-hidden=\"true\"><\/i> <a title=\"Send e-mail to Rajmond J\u00e1n\u00f3\" href=\"mailto:rajmond.jano@ael.utcluj.ro\" target=\"_blank\" rel=\"noopener noreferrer\">rajmond.jano@ael.utcluj.ro<\/a><br><i class=\"fa fa-phone\" aria-hidden=\"true\"><\/i>0264.401.485<\/p>\n","protected":false},"excerpt":{"rendered":"<p>Mailing address Departamentul de Electronic\u0103 Aplicat\u0103 Universitatea Tehnic\u0103 din Cluj-Napoca str. George Bari\u021biu, nr. 26 &#8211; 28 400027, Cluj-Napoca Rom\u00e2nia Head of Department prof. eng. Dorin PETREU\u0218, PhD dorin.petreus@ael.utcluj.ro 0264.401.499 SecretariatSimona F\u00c2NT\u00c2N\u0102 simona.fantana@ael.utcluj.ro0264.401.2250264.594.806 Webmasterlect. eng. Rajmond J\u00c1N\u00d3, PhD rajmond.jano@ael.utcluj.ro0264.401.485<\/p>\n","protected":false},"author":2,"featured_media":0,"parent":0,"menu_order":0,"comment_status":"closed","ping_status":"open","template":"","meta":{"footnotes":""},"class_list":["post-1865","page","type-page","status-publish","hentry"],"_links":{"self":[{"href":"https:\/\/ael.utcluj.ro\/index.php?rest_route=\/wp\/v2\/pages\/1865","targetHints":{"allow":["GET"]}}],"collection":[{"href":"https:\/\/ael.utcluj.ro\/index.php?rest_route=\/wp\/v2\/pages"}],"about":[{"href":"https:\/\/ael.utcluj.ro\/index.php?rest_route=\/wp\/v2\/types\/page"}],"author":[{"embeddable":true,"href":"https:\/\/ael.utcluj.ro\/index.php?rest_route=\/wp\/v2\/users\/2"}],"replies":[{"embeddable":true,"href":"https:\/\/ael.utcluj.ro\/index.php?rest_route=%2Fwp%2Fv2%2Fcomments&post=1865"}],"version-history":[{"count":6,"href":"https:\/\/ael.utcluj.ro\/index.php?rest_route=\/wp\/v2\/pages\/1865\/revisions"}],"predecessor-version":[{"id":1871,"href":"https:\/\/ael.utcluj.ro\/index.php?rest_route=\/wp\/v2\/pages\/1865\/revisions\/1871"}],"wp:attachment":[{"href":"https:\/\/ael.utcluj.ro\/index.php?rest_route=%2Fwp%2Fv2%2Fmedia&parent=1865"}],"curies":[{"name":"wp","href":"https:\/\/api.w.org\/{rel}","templated":true}]}}