{"id":1873,"date":"2026-03-10T15:27:39","date_gmt":"2026-03-10T13:27:39","guid":{"rendered":"https:\/\/ael.utcluj.ro\/?page_id=1873"},"modified":"2026-03-13T09:04:43","modified_gmt":"2026-03-13T07:04:43","slug":"staff","status":"publish","type":"page","link":"https:\/\/ael.utcluj.ro\/?page_id=1873&lang=en","title":{"rendered":"Staff"},"content":{"rendered":"\n<h1 class=\"personal-h1\">Teaching staff<\/h1>\n    <h2 class=\"personal-h2\">Professors<\/h2>\n    <div class=\"personal-container\">\n        <div class=\"personal-item\">\n            <p class=\"personal-name\">prof. eng.Dorin PETREU\u0218, PhD<\/p>\n            <p><em>Director de departament<\/em><\/p>\n            <p class=\"personal-email\"><a title=\"Send e-mail to Dorin Petreus\" href=\"mailto:dorin.petreus@ael.utcluj.ro\" target=\"_blank\" rel=\"noopener noreferrer\">dorin.petreus@ael.utcluj.ro<\/a><\/p>\n            <p class=\"personal-phone\">0264.401.499<\/p>\n            <p class=\"personal-address\">str. George Bari\u021biu, nr. 26 &#8211; 28, corpul B, sala M3<\/p>\n        <\/div>\n        <div class=\"personal-item\">\n            <p class=\"personal-name\">prof. eng.Ovidiu POP, PhD<\/p>\n            <p class=\"personal-email\"><a title=\"Send e-mail to Dorin Petreus\" href=\"mailto:ovidiu.pop@ael.utcluj.ro\" target=\"_blank\" rel=\"noopener noreferrer\">ovidiu.pop@ael.utcluj.ro<\/a><\/p>\n            <p class=\"personal-phone\">0264.401.430<\/p>\n            <p class=\"personal-address\">str. George Bari\u021biu, nr. 26 &#8211; 28, corpul B, sala E03<\/p>\n        <\/div>\n    <\/div>\n    <h2 class=\"personal-h2\">Associate Professors<\/h2>\n    <div class=\"personal-container\">\n        <div class=\"personal-item\">\n            <p class=\"personal-name\">assoc. prof. Gabriel CHINDRI\u0218, PhD<\/p>\n            <p class=\"personal-email\"><a title=\"Send e-mail to Dorin Petreus\" href=\"mailto:gabriel.chindris@ael.utcluj.ro\" target=\"_blank\" rel=\"noopener noreferrer\">gabriel.chindris@ael.utcluj.ro<\/a><\/p>\n            <p class=\"personal-phone\">0264.401.469<\/p>\n            <p class=\"personal-address\">str. George Bari\u021biu, nr. 26 &#8211; 28, corpul B, sala E01<\/p>\n        <\/div>\n        <div class=\"personal-item\">\n            <p class=\"personal-name\">assoc. prof. Cristian F\u0102RCA\u0218, PhD<\/p>\n            <p class=\"personal-email\"><a title=\"Send e-mail to Dorin Petreus\" href=\"mailto:cristian.farcas@ael.utcluj.ro\" target=\"_blank\" rel=\"noopener noreferrer\">cristian.farcas@ael.utcluj.ro<\/a><\/p>\n            <p class=\"personal-phone\">0264.401.412<\/p>\n            <p class=\"personal-address\">str. George Bari\u021biu, nr. 26 &#8211; 28, corpul A, sala 327<\/p>\n        <\/div>\n        <div class=\"personal-item\">\n            <p class=\"personal-name\">assoc. prof. Alin GRAMA, PhD<\/p>\n            <p class=\"personal-email\"><a title=\"Send e-mail to Dorin Petreus\" href=\"mailto:alin.grama@ael.utcluj.ro\" target=\"_blank\" rel=\"noopener noreferrer\">alin.grama@ael.utcluj.ro<\/a><\/p>\n            <p class=\"personal-phone\">0264.401.430<\/p>\n            <p class=\"personal-address\">str. George Bari\u021biu, nr. 26 &#8211; 28, corpul B, sala E03<\/p>\n        <\/div>\n        <div class=\"personal-item\">\n            <p class=\"personal-name\">assoc. prof. Liviu VIMAN, PhD<\/p>\n            <p class=\"personal-email\"><a title=\"Send e-mail to Dorin Petreus\" href=\"mailto:liviu.viman@ael.utcluj.ro\" target=\"_blank\" rel=\"noopener noreferrer\">liviu.viman@ael.utcluj.ro<\/a><\/p>\n            <p class=\"personal-phone\">0264.401.469<\/p>\n            <p class=\"personal-address\">str. George Bari\u021biu, nr. 26 &#8211; 28, corpul B, sala E01<\/p>\n        <\/div>\n        <div class=\"personal-item\">\n            <p class=\"personal-name\">assoc. prof. Septimiu POP, PhD<\/p>\n            <p class=\"personal-email\"><a title=\"Send e-mail to Dorin Petreus\" href=\"mailto:septimiu.pop@ael.utcluj.ro\" target=\"_blank\" rel=\"noopener noreferrer\">septimiu.pop@ael.utcluj.ro<\/a><\/p>\n            <p class=\"personal-phone\">0264.401.809<\/p>\n            <p class=\"personal-address\">str. Observatorului, nr. 2, sala 407<\/p>\n        <\/div>\n        <div class=\"personal-item\">\n            <p class=\"personal-name\">assoc. prof. Adrian C\u0103t\u0103lin TAUT, PhD<\/p>\n            <p class=\"personal-email\"><a title=\"Send e-mail to Dorin Petreus\" href=\"mailto:adrian.taut@ael.utcluj.ro\" target=\"_blank\" rel=\"noopener noreferrer\">adrian.taut@ael.utcluj.ro<\/a><\/p>\n            <p class=\"personal-phone\">0264.401.485<\/p>\n            <p class=\"personal-address\">str. George Bari\u021biu, nr. 26 &#8211; 28, corpul B, sala E05<\/p>\n        <\/div>\n        <div class=\"personal-item\">\n            <p class=\"personal-name\">assoc. prof. Mihai D\u0102R\u0102BAN, PhD<\/p>\n            <p class=\"personal-email\"><a title=\"Send e-mail to Dorin Petreus\" href=\"mailto:mihai.daraban@ael.utcluj.ro\" target=\"_blank\" rel=\"noopener noreferrer\">mihai.daraban@ael.utcluj.ro<\/a><\/p>\n            <p class=\"personal-phone\">0264.401.485<\/p>\n            <p class=\"personal-address\">str. George Bari\u021biu, nr. 26 &#8211; 28, corpul B, sala E05<\/p>\n        <\/div>\n        <div class=\"personal-item\">\n            <p class=\"personal-name\">assoc. prof. Toma P\u0102T\u0102R\u0102U, PhD<\/p>\n            <p class=\"personal-email\"><a title=\"Send e-mail to Dorin Petreus\" href=\"mailto:toma.patarau@ael.utcluj.ro\" target=\"_blank\" rel=\"noopener noreferrer\">toma.patarau@ael.utcluj.ro<\/a><\/p>\n            <p class=\"personal-phone\">0264.202.348<\/p>\n            <p class=\"personal-address\">str. C-tin Daicoviciu, nr. 15, sala 481<\/p>\n        <\/div>\n    <\/div>\n    <h2 class=\"personal-h2\">Lecturers<\/h2>\n    <div class=\"personal-container\">\n        <div class=\"personal-item\">\n            <p class=\"personal-name\">lect. eng. Raul FIZE\u0218AN, PhD<\/p>\n            <p class=\"personal-email\"><a title=\"Send e-mail to Dorin Petreus\" href=\"mailto:raul.fizesan@ael.utcluj.ro\" target=\"_blank\" rel=\"noopener noreferrer\">raul.fizesan@ael.utcluj.ro<\/a><\/p>\n            <p class=\"personal-phone\">0264.401.485<\/p>\n            <p class=\"personal-address\">str. George Bari\u021biu, nr. 26 &#8211; 28, corpul B, sala E05<\/p>\n        <\/div>\n        <div class=\"personal-item\">\n            <p class=\"personal-name\">lect. eng. Vlad BANDE, PhD<\/p>\n            <p class=\"personal-email\"><a title=\"Send e-mail to Dorin Petreus\" href=\"mailto:vlad.bande@ael.utcluj.ro\" target=\"_blank\" rel=\"noopener noreferrer\">vlad.bande@ael.utcluj.ro<\/a><\/p>\n            <p class=\"personal-phone\">0264.401.809<\/p>\n            <p class=\"personal-address\">str. Observatorului, nr. 2, sala 407<\/p>\n        <\/div>\n        <div class=\"personal-item\">\n            <p class=\"personal-name\">lect. eng. Ionu\u021b CIOCAN, PhD<\/p>\n            <p class=\"personal-email\"><a title=\"Send e-mail to Dorin Petreus\" href=\"mailto:ionut.ciocan@ael.utcluj.ro\" target=\"_blank\" rel=\"noopener noreferrer\">ionut.ciocan@ael.utcluj.ro<\/a><\/p>\n            <p class=\"personal-phone\">0264.401.411<\/p>\n            <p class=\"personal-address\">str. George Bari\u021biu, nr. 26 &#8211; 28, corpul A, sala 321<\/p>\n        <\/div>\n        <div class=\"personal-item\">\n            <p class=\"personal-name\">lect. eng. Radu ETZ, PhD<\/p>\n            <p class=\"personal-email\"><a title=\"Send e-mail to Dorin Petreus\" href=\"mailto:radu.etz@ael.utcluj.ro\" target=\"_blank\" rel=\"noopener noreferrer\">radu.etz@ael.utcluj.ro<\/a><\/p>\n            <p class=\"personal-phone\">0264.202.348<\/p>\n            <p class=\"personal-address\">str. C-tin Daicoviciu, nr. 15, sala 481<\/p>\n        <\/div>\n        <div class=\"personal-item\">\n            <p class=\"personal-name\">lect. eng. Rajmond J\u00c1N\u00d3, PhD<\/p>\n            <p class=\"personal-email\"><a title=\"Send e-mail to Dorin Petreus\" href=\"mailto:rajmond.jano@ael.utcluj.ro\" target=\"_blank\" rel=\"noopener noreferrer\">rajmond.jano@ael.utcluj.ro<\/a><\/p>\n            <p class=\"personal-phone\">0264.401.485<\/p>\n            <p class=\"personal-address\">str. George Bari\u021biu, nr. 26 &#8211; 28, corpul B, sala E05<\/p>\n        <\/div>\n        <div class=\"personal-item\">\n            <p class=\"personal-name\">lect. eng. Ionel BACIU, PhD<\/p>\n            <p class=\"personal-email\"><a title=\"Send e-mail to Dorin Petreus\" href=\"mailto:ionel.baciu@ael.utcluj.ro\" target=\"_blank\" rel=\"noopener noreferrer\">ionel.baciu@ael.utcluj.ro<\/a><\/p>\n            <p class=\"personal-phone\">0264.401.469<\/p>\n            <p class=\"personal-address\">str. George Bari\u021biu, nr. 26 &#8211; 28, corpul B, sala E01<\/p>\n        <\/div>\n        <div class=\"personal-item\">\n            <p class=\"personal-name\">lect. eng. Alexandra FODOR, PhD<\/p>\n            <p class=\"personal-email\"><a title=\"Send e-mail to Dorin Petreus\" href=\"mailto:alexandra.fodor@ael.utcluj.ro\" target=\"_blank\" rel=\"noopener noreferrer\">alexandra.fodor@ael.utcluj.ro<\/a><\/p>\n            <p class=\"personal-phone\">0264.401.469<\/p>\n            <p class=\"personal-address\">str. George Bari\u021biu, nr. 26 &#8211; 28, corpul B, sala E01<\/p>\n        <\/div>\n        <div class=\"personal-item\">\n            <p class=\"personal-name\">lect. eng. Eniko L\u00c1Z\u00c1R, PhD<\/p>\n            <p class=\"personal-email\"><a title=\"Send e-mail to Dorin Petreus\" href=\"mailto:Eniko.Lazar@ael.utcluj.ro\" target=\"_blank\" rel=\"noopener noreferrer\">Eniko.Lazar@ael.utcluj.ro<\/a><\/p>\n            <p class=\"personal-phone\">0264.202.348<\/p>\n            <p class=\"personal-address\">str. C-tin Daicoviciu, nr. 15, sala 481<\/p>\n        <\/div>\n<div class=\"personal-item\">\n            <p class=\"personal-name\">lect. eng. Elena \u0218TE\u021aCO, PhD<\/p>\n            <p class=\"personal-email\"><a title=\"Send e-mail to Elena \u0218TE\u021aCO\" href=\"mailto:elena.stetco@ael.utcluj.ro\" target=\"_blank\" rel=\"noopener noreferrer\">elena.stetco@ael.utcluj.ro<\/a><\/p>\n            <p class=\"personal-phone\">0264.401.430<\/p>\n            <p class=\"personal-address\">str. George Bari\u021biu, nr. 26 &#8211; 28, corpul B, sala E03<\/p>\n        <\/div>\n        <div class=\"personal-item\">\n            <p class=\"personal-name\">lect. eng. Adelina Ioana ILIE\u0218, PhD<\/p>\n            <p class=\"personal-email\"><a title=\"Send e-mail to Adelina Ilies\" href=\"mailto:adelina.ilies@ael.utcluj.ro\" target=\"_blank\" rel=\"noopener noreferrer\">adelina.ilies@ael.utcluj.ro<\/a><\/p>\n            <p class=\"personal-phone\">0264.401.485<\/p>\n            <p class=\"personal-address\">str. George Bari\u021biu, nr. 26 &#8211; 28, corpul B, sala E01<\/p>\n        <\/div>\n    <\/div>\n    <h2 class=\"personal-h2\">Assistants<\/h2>\n    <div class=\"personal-container\">\n        <div class=\"personal-item\">\n            <p class=\"personal-name\">assist. eng. Mirela OLTEANU, PhD student<\/p>\n            <p class=\"personal-email\"><a title=\"Send e-mail to Mirela OLTEANU\" href=\"mailto:mirela.olteanu@ael.utcluj.ro\" target=\"_blank\" rel=\"noopener noreferrer\">mirela.olteanu@ael.utcluj.ro<\/a><\/p>\n            <p class=\"personal-phone\">0264.401.485<\/p>\n            <p class=\"personal-address\">str. George Bari\u021biu, nr. 26 &#8211; 28, corpul B, sala E01<\/p>\n        <\/div>\n        <div class=\"personal-item\">\n            <p class=\"personal-name\">assist. eng. Cristina DAVIDA\u0218, PhD<\/p>\n            <p class=\"personal-email\"><a title=\"Send e-mail to Cristina DAVIDA\u0218\" href=\"mailto:cristina.davidas@ael.utcluj.ro\" target=\"_blank\" rel=\"noopener noreferrer\">cristina.davidas@ael.utcluj.ro<\/a><\/p>\n            <p class=\"personal-phone\">0264.401.485<\/p>\n            <p class=\"personal-address\">str. George Bari\u021biu, nr. 26 &#8211; 28, corpul B, sala E01<\/p>\n        <\/div>\n    <\/div>\n<\/body>\n\n<h1 class=\"personal-h1\">Administrativ staff<\/h1>\n<div class=\"personal-container\">\n    <div class=\"personal-item\">\n        <p class=\"personal-name\">tehn. Simona F\u00c2NT\u00c2N\u0102<\/p>\n        <p class=\"personal-email\"><a title=\"Send e-mail to Simona F\u00c2NT\u00c2N\u0102\" href=\"mailto:simona.fantana@ael.utcluj.ro\" target=\"_blank\" rel=\"noopener noreferrer\">simona.fantana@ael.utcluj.ro<\/a><\/p>\n        <p class=\"personal-phone\">0264.401.225<\/p>\n        <p class=\"personal-address\">str. George Bari\u021biu, nr. 26 &#8211; 28, corpul B, sala E06<\/p>\n    <\/div>\n<\/div>\n","protected":false},"excerpt":{"rendered":"<p>Teaching staff Professors prof. eng.Dorin PETREU\u0218, PhD Director de departament dorin.petreus@ael.utcluj.ro 0264.401.499 str. George Bari\u021biu, nr. 26 &#8211; 28, corpul B, sala M3 prof. eng.Ovidiu POP, PhD ovidiu.pop@ael.utcluj.ro 0264.401.430 str. George Bari\u021biu, nr. 26 &#8211; 28, corpul B, sala E03 Associate Professors assoc. prof. Gabriel CHINDRI\u0218, PhD gabriel.chindris@ael.utcluj.ro 0264.401.469 str. George Bari\u021biu, nr. 26 &#8211; [&hellip;]<\/p>\n","protected":false},"author":2,"featured_media":0,"parent":0,"menu_order":0,"comment_status":"closed","ping_status":"open","template":"","meta":{"footnotes":""},"class_list":["post-1873","page","type-page","status-publish","hentry"],"_links":{"self":[{"href":"https:\/\/ael.utcluj.ro\/index.php?rest_route=\/wp\/v2\/pages\/1873","targetHints":{"allow":["GET"]}}],"collection":[{"href":"https:\/\/ael.utcluj.ro\/index.php?rest_route=\/wp\/v2\/pages"}],"about":[{"href":"https:\/\/ael.utcluj.ro\/index.php?rest_route=\/wp\/v2\/types\/page"}],"author":[{"embeddable":true,"href":"https:\/\/ael.utcluj.ro\/index.php?rest_route=\/wp\/v2\/users\/2"}],"replies":[{"embeddable":true,"href":"https:\/\/ael.utcluj.ro\/index.php?rest_route=%2Fwp%2Fv2%2Fcomments&post=1873"}],"version-history":[{"count":3,"href":"https:\/\/ael.utcluj.ro\/index.php?rest_route=\/wp\/v2\/pages\/1873\/revisions"}],"predecessor-version":[{"id":1878,"href":"https:\/\/ael.utcluj.ro\/index.php?rest_route=\/wp\/v2\/pages\/1873\/revisions\/1878"}],"wp:attachment":[{"href":"https:\/\/ael.utcluj.ro\/index.php?rest_route=%2Fwp%2Fv2%2Fmedia&parent=1873"}],"curies":[{"name":"wp","href":"https:\/\/api.w.org\/{rel}","templated":true}]}}