{"id":224,"date":"2013-07-25T09:51:24","date_gmt":"2013-07-25T07:51:24","guid":{"rendered":"http:\/\/ael.utcluj.ro\/beta\/?page_id=224"},"modified":"2021-10-06T14:44:56","modified_gmt":"2021-10-06T12:44:56","slug":"nivel-licenta","status":"publish","type":"page","link":"https:\/\/ael.utcluj.ro\/?page_id=224","title":{"rendered":"Nivel licen\u021b\u0103"},"content":{"rendered":"\n    <p style=\"text-align: justify;\"><strong>Departamentul de Electronic\u0103 Aplicat\u0103<\/strong> asigur\u0103 predarea materiilor\n        introductive \u00een electronic\u0103 \u00een primii ani de studiu, precum \u0219i a materiilor obligatorii din curicula\n        specializ\u0103rii\n        Electronic\u0103 Aplicat\u0103 precum \u0219i a celor op\u021bionale sau faculative la alte specializ\u0103ri pentru studen\u021bii ciclului\n        de\n        licen\u021b\u0103.<\/p>\n    <p style=\"text-align: justify;\"><strong>Specializarea de Electronic\u0103 Aplicat\u0103<\/strong> ofer\u0103 o preg\u0103tire studen\u021bilor\n        care doresc s\u0103 lucreze \u00een arii ale electronicii cum ar fi programarea microcontrolerelor, achizi\u021bii de date\n        folosind\n        senzori \u0219i traductori, automatiz\u0103ri, programarea circuitelor FPGA, proiectarea \u0219i simularea circuitelor\n        electronice,\n        proiectarea cablajelor imprimate, proiectarea \u0219i realizarea sistemelor de comanda si reglaj precum \u0219i sisteme de\n        alimentare \u0219i conversie a energiei electrice.<\/p>\n    <p style=\"text-align: justify;\">In tabelul de mai jos sunt prezentate disciplinele ce au ca titulari membrii ai\n        departamentului nostru, precum si fi\u0219ele disciplinelor aferente.<\/p>\n    <!-- ANUL 1 -->\n    <h2 class=\"FD\"><strong>Anul I<\/strong><\/h2>\n    <table>\n        <thead>\n            <tr>\n                <th>Codul<\/th>\n                <th>Disciplina<\/th>\n            <\/tr>\n        <\/thead>\n        <tbody>\n            <tr>\n                <td>5.0<\/td>\n                <td><a href=\"#\">Componente si circuite electronice pasive &#8211; A<\/a><\/td>\n            <\/tr>\n            <tr>\n                <td>5.0<\/td>\n                <td><a href=\"#\">Componente si circuite electronice pasive &#8211; B<\/a><\/td>\n            <\/tr>\n            <tr>\n                <td>5.0<\/td>\n                <td><a href=\"#\">Passive Components and Circuits<\/a><\/td>\n            <\/tr>\n            <tr>\n                <td>6.0<\/td>\n                <td><a href=\"#\">Applied Informatics<\/a><\/td>\n            <\/tr>\n            <tr>\n                <td>12.0<\/td>\n                <td><a href=\"#\">Dispozitive electronice<\/a><\/td>\n            <\/tr>\n        <\/tbody>\n    <\/table>\n    <!-- ANUL 2 -->\n    <h2 class=\"FD\"><strong>Anul II<\/strong><\/h2>\n    <table>\n        <thead>\n            <tr>\n                <th>Cod<\/th>\n                <th>Disciplina<\/th>\n            <\/tr>\n        <\/thead>\n        <tbody>\n            <tr>\n                <td>15.0<\/td>\n                <td><a href=\"#\">Grafica Asistata de Calculator<\/a><\/td>\n            <\/tr>\n            <tr>\n                <td>18.0<\/td>\n                <td><a href=\"#\">Materiale pentru Electronica<\/a><\/td>\n            <\/tr>\n            <tr>\n                <td>18.0<\/td>\n                <td><a href=\"#\">Materials for Electronics<\/a><\/td>\n            <\/tr>\n            <tr>\n                <td>20.0<\/td>\n                <td><a href=\"#\">Circuite Electronice Fundamentale<\/a><\/td>\n            <\/tr>\n            <tr>\n                <td>28.0<\/td>\n                <td><a href=\"#\">Tehnici CAD<\/a><\/td>\n            <\/tr>\n            <tr>\n                <td>28.0<\/td>\n                <td><a href=\"#\">CAD Techniques<\/a><\/td>\n            <\/tr>\n        <\/tbody>\n    <\/table>\n    <!-- ANUL 3 -->\n    <h2 class=\"FD\"><strong>Anul III<\/strong><\/h2>\n    <table>\n        <thead>\n            <tr>\n                <th>Cod<\/th>\n                <th>Disciplina<\/th>\n            <\/tr>\n        <\/thead>\n        <tbody>\n            <tr>\n                <td>34.0<\/td>\n                <td><a href=\"#\">Bazele Sistemelor de Achizitie de Date<\/a><\/td>\n            <\/tr>\n            <tr>\n                <td>34.0<\/td>\n                <td><a href=\"#\">Data Acquisition System Fundaments<\/a><\/td>\n            <\/tr>\n            <tr>\n                <td>35.0<\/td>\n                <td><a href=\"#\">Tehnologii_Web<\/a><\/td>\n            <\/tr>\n            <tr>\n                <td>35.0<\/td>\n                <td><a href=\"#\">Web Technologies<\/a><\/td>\n            <\/tr>\n            <tr>\n                <td>36.0<\/td>\n                <td><a href=\"#\">Electronica de Putere<\/a><\/td>\n            <\/tr>\n            <tr>\n                <td>36.0<\/td>\n                <td><a href=\"#\">Power Electronics<\/a><\/td>\n            <\/tr>\n            <tr>\n                <td>38.0<\/td>\n                <td><a href=\"#\">Tehnologia Microsistemelor Electronice<\/a><\/td>\n            <\/tr>\n            <tr>\n                <td>38.0<\/td>\n                <td><a href=\"#\">Electronic Microsystems Technology<\/a><\/td>\n            <\/tr>\n            <tr>\n                <td>40.0<\/td>\n                <td><a href=\"#\">Elemente de Reglare si Control<\/a><\/td>\n            <\/tr>\n            <tr>\n                <td>40.0<\/td>\n                <td><a href=\"#\">Elements of Command and Control<\/a><\/td>\n            <\/tr>\n            <tr>\n                <td>41.0<\/td>\n                <td><a href=\"#\">Microcontrolere<\/a><\/td>\n            <\/tr>\n            <tr>\n                <td>41.0<\/td>\n                <td><a href=\"#\">Microcontrollers<\/a><\/td>\n            <\/tr>\n            <tr>\n                <td>42.0<\/td>\n                <td><a href=\"#\">Microcontrolere Proiect<\/a><\/td>\n            <\/tr>\n            <tr>\n                <td>42.0<\/td>\n                <td><a href=\"#\">Microcontrollers Project<\/a><\/td>\n            <\/tr>\n            <tr>\n                <td>43.1<\/td>\n                <td><a href=\"#\">Bazele Sistemelor de Achizitie de Date<\/a><\/td>\n            <\/tr>\n        <\/tbody>\n    <\/table>\n    <!-- ANUL 4 -->\n    <h2 class=\"FD\"><strong>Anul IV<\/strong><\/h2>\n    <table>\n        <thead>\n            <tr>\n                <th>Cod<\/th>\n                <th>Disciplina<\/th>\n            <\/tr>\n        <\/thead>\n        <tbody>\n            <tr>\n                <td>46.0<\/td>\n                <td><a href=\"#\">Surse de Alimentare<\/a><\/td>\n            <\/tr>\n            <tr>\n                <td>46.0<\/td>\n                <td><a href=\"#\">Power Supplies<\/a><\/td>\n            <\/tr>\n            <tr>\n                <td>47.0<\/td>\n                <td><a href=\"#\">Senzori si Traductoare<\/a><\/td>\n            <\/tr>\n            <tr>\n                <td>47.0<\/td>\n                <td><a href=\"#\">Sensors and Transducers<\/a><\/td>\n            <\/tr>\n            <tr>\n                <td>48.0<\/td>\n                <td><a href=\"#\">Instrumentatie Virtuala<\/a><\/td>\n            <\/tr>\n            <tr>\n                <td>48.0<\/td>\n                <td><a href=\"#\">Virtual Instrumentation<\/a><\/td>\n            <\/tr>\n            <tr>\n                <td>49.0<\/td>\n                <td><a href=\"#\">Standardizare<\/a><\/td>\n            <\/tr>\n            <tr>\n                <td>50.0<\/td>\n                <td><a href=\"#\">Surse de Alimentare Proiect<\/a><\/td>\n            <\/tr>\n            <tr>\n                <td>50.0<\/td>\n                <td><a href=\"#\">Power Supplies Project<\/a><\/td>\n            <\/tr>\n            <tr>\n                <td>53.0<\/td>\n                <td><a href=\"#\">Managementul Proiectelor<\/a><\/td>\n            <\/tr>\n            <tr>\n                <td>53.0<\/td>\n                <td><a href=\"#\">Project Management<\/a><\/td>\n            <\/tr>\n            <tr>\n                <td>53.20<\/td>\n                <td><a href=\"#\">Electronica Aplicata<\/a><\/td>\n            <\/tr>\n            <tr>\n                <td>54.0<\/td>\n                <td><a href=\"#\">Metode si Procedee Tehnologice<\/a><\/td>\n            <\/tr>\n            <tr>\n                <td>54.20<\/td>\n                <td><a href=\"#\">Elemente de Testare Automata<\/a><\/td>\n            <\/tr>\n            <tr>\n                <td>54.20<\/td>\n                <td><a href=\"#\">Elements of Automated Testing<\/a><\/td>\n            <\/tr>\n            <tr>\n                <td>56.10<\/td>\n                <td><a href=\"#\">Integrated Systems<\/a><\/td>\n            <\/tr>\n            <tr>\n                <td>56.20<\/td>\n                <td><a href=\"#\">Sisteme de Achizitii de Date<\/a><\/td>\n            <\/tr>\n            <tr>\n                <td>56.20<\/td>\n                <td><a href=\"#\">Data Acquisition Systems<\/a><\/td>\n            <\/tr>\n            <tr>\n                <td>58.10<\/td>\n                <td><a href=\"#\">Educatie Antreprenoriala<\/a><\/td>\n            <\/tr>\n        <\/tbody>\n    <\/table>\n\n    <p style=\"text-align: justify;\">Pentru mai multe informa\u021bii despre admiterea la Facultatea de Electronica,\n        Telecomuncatii si Tehnologia Informatiei puteti accesa <a href=\"http:\/\/etti-admitere.utcluj.ro\/\" target=\"_blank\" rel=\"noopener noreferrer\">pagina admiterii<\/a>.<\/p>\n","protected":false},"excerpt":{"rendered":"","protected":false},"author":2,"featured_media":0,"parent":0,"menu_order":0,"comment_status":"closed","ping_status":"open","template":"","meta":{"footnotes":""},"class_list":["post-224","page","type-page","status-publish","hentry"],"_links":{"self":[{"href":"https:\/\/ael.utcluj.ro\/index.php?rest_route=\/wp\/v2\/pages\/224","targetHints":{"allow":["GET"]}}],"collection":[{"href":"https:\/\/ael.utcluj.ro\/index.php?rest_route=\/wp\/v2\/pages"}],"about":[{"href":"https:\/\/ael.utcluj.ro\/index.php?rest_route=\/wp\/v2\/types\/page"}],"author":[{"embeddable":true,"href":"https:\/\/ael.utcluj.ro\/index.php?rest_route=\/wp\/v2\/users\/2"}],"replies":[{"embeddable":true,"href":"https:\/\/ael.utcluj.ro\/index.php?rest_route=%2Fwp%2Fv2%2Fcomments&post=224"}],"version-history":[{"count":61,"href":"https:\/\/ael.utcluj.ro\/index.php?rest_route=\/wp\/v2\/pages\/224\/revisions"}],"predecessor-version":[{"id":1577,"href":"https:\/\/ael.utcluj.ro\/index.php?rest_route=\/wp\/v2\/pages\/224\/revisions\/1577"}],"wp:attachment":[{"href":"https:\/\/ael.utcluj.ro\/index.php?rest_route=%2Fwp%2Fv2%2Fmedia&parent=224"}],"curies":[{"name":"wp","href":"https:\/\/api.w.org\/{rel}","templated":true}]}}