{"id":260,"date":"2013-07-25T11:35:46","date_gmt":"2013-07-25T09:35:46","guid":{"rendered":"http:\/\/ael.utcluj.ro\/beta\/?page_id=260"},"modified":"2023-12-08T12:43:46","modified_gmt":"2023-12-08T10:43:46","slug":"masterie","status":"publish","type":"page","link":"https:\/\/ael.utcluj.ro\/?page_id=260","title":{"rendered":"Master \u00een Inginerie Electronic\u0103"},"content":{"rendered":"<p style=\"text-align: justify;\">Programul de <strong>Master \u00een Inginerie Electronica (MIE)<\/strong> \u00ee\u0219i propune continuarea pregatirilor tinerilor ingineri absolven\u021bi a specializarilor de Electronica Aplicata, dar nu numai, fiind axat pe aprofundarea cunostiintelor din domeniile electronicii.<\/p>\n<p style=\"text-align: justify;\">Dupa terminarea studiilor, studen\u021bii vor poseda cuno\u0219tiin\u021be avansate de programare de nivel \u00eenalt specifica aplica\u021biilor din sistemele embedded, cunostinte specifice de analiza si proiectare a circuitelor digitale si analogice, metode de analiza a interferentelor electromagnetice, metode de analiza a fenomenelor termice, metode de analiza a convertoarelor de putere, cunostinte de teoria sistemelor (reglaj, control, sisteme adaptive). De asemenea ei vor avea abilitati de simularea avansata si contextuala a functionalitatii sistemelor electronice, proiectarea microsistemelor lu\u00e2nd \u00een considerare constr\u00e2ngeri specificate (perturbatii, regim termic, testabilitate, fabricatie, etc.). Deprinderile dob\u00e2ndite vor fi de operare cu aparatura de masura si control specifica aplicatiilor (electronica surselor de alimentare, auto, biomedicala, testare, etc.), utilizarea programelor dedicate simularilor avansate, utilizare MatLab, Simulink si LabView, capacitate de actiune \u00eentr-o echipa de dezvoltare\/cercetare, realizarea de documentari bibliografice, \u00eentocmirea de rapoarte de cercetare, redactarea unor materiale cu continut stiintific (articole, lucrari stiintifice), prezentari pe teme tehnice.<\/p>\n<p style=\"text-align: justify;\">Durata studiilor este de 2 ani, iar numarul creditelor ECTS dob\u00e2ndite este de 120.<\/p>\n<p style=\"text-align: justify;\">Disciplinele sus\u021binute de departamentul nostrul \u00een cadrul MIE sunt urmatoarele:<\/p>\n<table>\n<thead>\n<tr>\n<th>Codul<\/th>\n<th>Disciplina<\/th>\n<\/tr>\n<\/thead>\n<tbody>\n<tr>\n<td>1.0<\/td>\n<td><a href=\"https:\/\/ael.utcluj.ro\/beta\/wp-content\/Documents\/SubjectSheets\/FD_MIE\/1.00_Fisa disciplinei_TSA.pdf\">Tehnici de Simulare Avansata<\/a><\/td>\n<\/tr>\n<tr>\n<td>2.0<\/td>\n<td><a href=\"https:\/\/ael.utcluj.ro\/beta\/wp-content\/Documents\/SubjectSheets\/FD_MIE\/2.00_Fisa disciplinei_SSE.pdf\">Software pentru Sisteme Embedded<\/a><\/td>\n<\/tr>\n<tr>\n<td>3.0<\/td>\n<td><a href=\"https:\/\/ael.utcluj.ro\/beta\/wp-content\/Documents\/SubjectSheets\/FD_MIE\/3.00_Fisa Disciplinei_Proiectare_Digitala_Avansata.pdf\">Proiectare Digitala Avansata<\/a><\/td>\n<\/tr>\n<tr>\n<td>4.0<\/td>\n<td><a href=\"https:\/\/ael.utcluj.ro\/beta\/wp-content\/Documents\/SubjectSheets\/FD_MIE\/4.00_Fisa disciplinei SCACE.pdf\">Sisteme Complexe de Alimentare si Conversie a Energie<\/a><\/td>\n<\/tr>\n<tr>\n<td>5.0<\/td>\n<td><a href=\"https:\/\/ael.utcluj.ro\/beta\/wp-content\/Documents\/SubjectSheets\/FD_MIE\/5.00_Fisa disciplinei_Etica_si_Integritate_Academica.pdf\">Etica si Integritate Academica<\/a><\/td>\n<\/tr>\n<tr>\n<td>6.0<\/td>\n<td><a href=\"https:\/\/ael.utcluj.ro\/beta\/wp-content\/Documents\/SubjectSheets\/FD_MIE\/6.00_Fisa disciplinei_ACP1.pdf\">ACP1<\/a><\/td>\n<\/tr>\n<tr>\n<td>7.0<\/td>\n<td><a href=\"https:\/\/ael.utcluj.ro\/beta\/wp-content\/Documents\/SubjectSheets\/FD_MIE\/7.00_Fisa disciplinei_Proiectare_pentru_CEM_si_IS.pdf\">Proiectare pentru CEM si IS<\/a><\/td>\n<\/tr>\n<tr>\n<td>8.0<\/td>\n<td><a href=\"https:\/\/ael.utcluj.ro\/beta\/wp-content\/Documents\/SubjectSheets\/FD_MIE\/8.00_Fisa disciplinei_SistemeElectronicecuSemnaleMixte.pdf\">Sisteme Electronice cu Semnale Mixte<\/a><\/td>\n<\/tr>\n<tr>\n<td>9.0<\/td>\n<td><a href=\"https:\/\/ael.utcluj.ro\/beta\/wp-content\/Documents\/SubjectSheets\/FD_MIE\/9.00_Fisa disciplinei Controlul Sistemelor Electronice.pdf\">Controlul Sistemelor Electronice<\/a><\/td>\n<\/tr>\n<tr>\n<td>10.10<\/td>\n<td><a href=\"https:\/\/ael.utcluj.ro\/beta\/wp-content\/Documents\/SubjectSheets\/FD_MIE\/10.10_Fisa disciplinei_ESB.pdf\">Electronica Sistemelor Biomedicale<\/a><\/td>\n<\/tr>\n<tr>\n<td>10.20<\/td>\n<td><a href=\"https:\/\/ael.utcluj.ro\/beta\/wp-content\/Documents\/SubjectSheets\/FD_MIE\/10.20_Fisa disciplinei_ESA.pdf\">Electronica Sistemelor Automotive<\/a><\/td>\n<\/tr>\n<tr>\n<td>11.0<\/td>\n<td><a href=\"https:\/\/ael.utcluj.ro\/beta\/wp-content\/Documents\/SubjectSheets\/FD_MIE\/11.00_Fisa disciplinei_Design_Industrial.pdf\">Design Industrial<\/a><\/td>\n<\/tr>\n<tr>\n<td>12.0<\/td>\n<td><a href=\"https:\/\/ael.utcluj.ro\/beta\/wp-content\/Documents\/SubjectSheets\/FD_MIE\/12.00_Fisa disciplinei_ACP2.pdf\">ACP2<\/a><\/td>\n<\/tr>\n<tr>\n<td>13.0<\/td>\n<td><a href=\"https:\/\/ael.utcluj.ro\/beta\/wp-content\/Documents\/SubjectSheets\/FD_MIE\/13.00_Fisa disciplinei_TAVSE.pdf\">Tehnologii Avansate_pentru Sisteme Embedded<\/a><\/td>\n<\/tr>\n<tr>\n<td>14.0<\/td>\n<td><a href=\"https:\/\/ael.utcluj.ro\/beta\/wp-content\/Documents\/SubjectSheets\/FD_MIE\/14.00_Fisa disciplinei_Proiectare_pentru_Compatibilitate_Termica.pdf\">Proiectare pentru Compatibilitate Termica<\/a><\/td>\n<\/tr>\n<tr>\n<td>\n<p style=\"text-align: left;\">15.0<\/p>\n<\/td>\n<td><a href=\"https:\/\/ael.utcluj.ro\/beta\/wp-content\/Documents\/SubjectSheets\/FD_MIE\/15.00_Fisa disciplinei_Comunicare_Tehnica.pdf\">Comunicare Tehnica<\/a><\/td>\n<\/tr>\n<tr>\n<td>16.1<\/td>\n<td><a href=\"https:\/\/ael.utcluj.ro\/beta\/wp-content\/Documents\/SubjectSheets\/FD_MIE\/16.10_Fisa disciplinei_Circuie_Analogice_Avansate.pdf\">Circuie Analogice Avansate<\/a><\/td>\n<\/tr>\n<tr>\n<td>16.2<\/td>\n<td><a href=\"https:\/\/ael.utcluj.ro\/beta\/wp-content\/Documents\/SubjectSheets\/FD_MIE\/16.20_Fisa disciplinei_Filtre analogice.pdf\">Filtre analogice<\/a><\/td>\n<\/tr>\n<tr>\n<td>17.0<\/td>\n<td><a href=\"https:\/\/ael.utcluj.ro\/beta\/wp-content\/Documents\/SubjectSheets\/FD_MIE\/17.00_Fisa disciplinei_ACP3.pdf\">ACP3<\/a><\/td>\n<\/tr>\n<tr>\n<td>18.0<\/td>\n<td><a href=\"https:\/\/ael.utcluj.ro\/beta\/wp-content\/Documents\/SubjectSheets\/FD_MIE\/18.00_Fisa disciplinei_ACP4.pdf\">ACP4<\/a><\/td>\n<\/tr>\n<tr>\n<td>19.0<\/td>\n<td><a href=\"https:\/\/ael.utcluj.ro\/beta\/wp-content\/Documents\/SubjectSheets\/FD_MIE\/19.00_Fisa disciplinei_Practica_pt_elaborare_disertatie.pdf\">Practica pentru Elaborarea Lucrarii de Disertatie<\/a><\/td>\n<\/tr>\n<tr>\n<td>20.0<\/td>\n<td><a href=\"https:\/\/ael.utcluj.ro\/beta\/wp-content\/Documents\/SubjectSheets\/FD_MIE\/20.00_Fisa disciplinei_Elaborare_disertatie.pdf\">Elaborare Lucrare de Disertatie<\/a><\/td>\n<\/tr>\n<tr>\n<td>21.0<\/td>\n<td><a href=\"https:\/\/ael.utcluj.ro\/beta\/wp-content\/Documents\/SubjectSheets\/FD_MIE\/21.00_Fisa disciplinei_Sustinere_disertatie.pdf\">Sustinere Lucrare de Disertatie<\/a><\/td>\n<\/tr>\n<\/tbody>\n<\/table>\n<p style=\"text-align: justify;\">Pentru mai multe informa\u021bii despre admiterea la acest program de master pute\u021bi<br \/>\naccesa <a href=\"http:\/\/etti-master.utcluj.ro\/\" target=\"_blank\" rel=\"noopener noreferrer\">pagina admiterii.<\/a><\/p>\n","protected":false},"excerpt":{"rendered":"<p>Programul de Master \u00een Inginerie Electronica (MIE) \u00ee\u0219i propune continuarea pregatirilor tinerilor ingineri absolven\u021bi a specializarilor de Electronica Aplicata, dar nu numai, fiind axat pe aprofundarea cunostiintelor din domeniile electronicii. Dupa terminarea studiilor, studen\u021bii vor poseda cuno\u0219tiin\u021be avansate de programare de nivel \u00eenalt specifica aplica\u021biilor din sistemele embedded, cunostinte specifice de analiza si proiectare a [&hellip;]<\/p>\n","protected":false},"author":2,"featured_media":0,"parent":0,"menu_order":0,"comment_status":"closed","ping_status":"open","template":"","meta":{"footnotes":""},"class_list":["post-260","page","type-page","status-publish","hentry"],"_links":{"self":[{"href":"https:\/\/ael.utcluj.ro\/index.php?rest_route=\/wp\/v2\/pages\/260","targetHints":{"allow":["GET"]}}],"collection":[{"href":"https:\/\/ael.utcluj.ro\/index.php?rest_route=\/wp\/v2\/pages"}],"about":[{"href":"https:\/\/ael.utcluj.ro\/index.php?rest_route=\/wp\/v2\/types\/page"}],"author":[{"embeddable":true,"href":"https:\/\/ael.utcluj.ro\/index.php?rest_route=\/wp\/v2\/users\/2"}],"replies":[{"embeddable":true,"href":"https:\/\/ael.utcluj.ro\/index.php?rest_route=%2Fwp%2Fv2%2Fcomments&post=260"}],"version-history":[{"count":21,"href":"https:\/\/ael.utcluj.ro\/index.php?rest_route=\/wp\/v2\/pages\/260\/revisions"}],"predecessor-version":[{"id":1658,"href":"https:\/\/ael.utcluj.ro\/index.php?rest_route=\/wp\/v2\/pages\/260\/revisions\/1658"}],"wp:attachment":[{"href":"https:\/\/ael.utcluj.ro\/index.php?rest_route=%2Fwp%2Fv2%2Fmedia&parent=260"}],"curies":[{"name":"wp","href":"https:\/\/api.w.org\/{rel}","templated":true}]}}