{"id":344,"date":"2013-09-19T09:32:35","date_gmt":"2013-09-19T07:32:35","guid":{"rendered":"http:\/\/ael.utcluj.ro\/beta\/?page_id=344"},"modified":"2020-12-02T12:29:27","modified_gmt":"2020-12-02T10:29:27","slug":"gcer","status":"publish","type":"page","link":"https:\/\/ael.utcluj.ro\/?page_id=344","title":{"rendered":"GCER"},"content":{"rendered":"<p><!--:ro--><\/p>\n<h2>Grup de Cercetare \u00een Energii Regenerabile<\/h2>\n<p><img loading=\"lazy\" decoding=\"async\" src=\"http:\/\/ael.utcluj.ro\/beta\/wp-content\/uploads\/GCER_logo.png\" alt=\"GCER logo\" width=\"442\" height=\"183\"><\/p>\n<p>Pentru mai multe informa\u021bii legate de Grupul de Cercetare \u00een Energii Regenerabile v\u0103 rug\u0103m sa consulta\u021bi fi\u0219a centrului sau s\u0103 accesa\u021bi <a href=\"http:\/\/renewable-energy.utcluj.ro\/\" target=\"_blank\" rel=\"noopener noreferrer\">site-ul centrului<\/a>.<\/p>\n<p><a href=\"http:\/\/ael.utcluj.ro\/beta\/wp-content\/Documents\/Research\/GCER_2015.pdf\" target=\"_blank\" rel=\"noopener noreferrer\">Fi\u0219\u0103 GCER<\/a><!--:--><\/p>\n<p><!--:en--><\/p>\n","protected":false},"excerpt":{"rendered":"<p>Grup de Cercetare \u00een Energii Regenerabile Pentru mai multe informa\u021bii legate de Grupul de Cercetare \u00een Energii Regenerabile v\u0103 rug\u0103m sa consulta\u021bi fi\u0219a centrului sau s\u0103 accesa\u021bi site-ul centrului. Fi\u0219\u0103 GCER<\/p>\n","protected":false},"author":2,"featured_media":0,"parent":0,"menu_order":0,"comment_status":"closed","ping_status":"open","template":"","meta":{"footnotes":""},"class_list":["post-344","page","type-page","status-publish","hentry"],"_links":{"self":[{"href":"https:\/\/ael.utcluj.ro\/index.php?rest_route=\/wp\/v2\/pages\/344","targetHints":{"allow":["GET"]}}],"collection":[{"href":"https:\/\/ael.utcluj.ro\/index.php?rest_route=\/wp\/v2\/pages"}],"about":[{"href":"https:\/\/ael.utcluj.ro\/index.php?rest_route=\/wp\/v2\/types\/page"}],"author":[{"embeddable":true,"href":"https:\/\/ael.utcluj.ro\/index.php?rest_route=\/wp\/v2\/users\/2"}],"replies":[{"embeddable":true,"href":"https:\/\/ael.utcluj.ro\/index.php?rest_route=%2Fwp%2Fv2%2Fcomments&post=344"}],"version-history":[{"count":6,"href":"https:\/\/ael.utcluj.ro\/index.php?rest_route=\/wp\/v2\/pages\/344\/revisions"}],"predecessor-version":[{"id":1387,"href":"https:\/\/ael.utcluj.ro\/index.php?rest_route=\/wp\/v2\/pages\/344\/revisions\/1387"}],"wp:attachment":[{"href":"https:\/\/ael.utcluj.ro\/index.php?rest_route=%2Fwp%2Fv2%2Fmedia&parent=344"}],"curies":[{"name":"wp","href":"https:\/\/api.w.org\/{rel}","templated":true}]}}